{"id":5,"date":"2020-01-13T11:17:52","date_gmt":"2020-01-13T11:17:52","guid":{"rendered":"https:\/\/demosites.io\/web-agency-gb\/?page_id=5"},"modified":"2023-01-11T16:48:29","modified_gmt":"2023-01-11T15:48:29","slug":"15c42-web-agency-gb-home","status":"publish","type":"page","link":"https:\/\/www.ebics.cz\/","title":{"rendered":"EBICS"},"content":{"rendered":"\n<div class=\"wp-block-cover alignfull is-light ticss-c615c711\" style=\"min-height:500px;aspect-ratio:unset;\"><span aria-hidden=\"true\" class=\"wp-block-cover__background has-background-dim-0 has-background-dim\"><\/span><img loading=\"lazy\" decoding=\"async\" width=\"1366\" height=\"768\" class=\"wp-block-cover__image-background wp-image-109\" alt=\"\" src=\"https:\/\/www.ebics.cz\/wp-content\/uploads\/2020\/07\/web-design-studio-01.jpg.jpg\" style=\"object-position:49% 63%\" data-object-fit=\"cover\" data-object-position=\"49% 63%\"\/><div class=\"wp-block-cover__inner-container is-layout-flow wp-block-cover-is-layout-flow\"><div class=\"wp-block-image\">\n<figure class=\"aligncenter size-full\"><img loading=\"lazy\" decoding=\"async\" width=\"200\" height=\"92\" src=\"https:\/\/www.ebics.cz\/wp-content\/uploads\/2023\/01\/cropped-Logo_ready_for_ebics.png\" alt=\"\" class=\"wp-image-365\"\/><figcaption class=\"wp-element-caption\">  <\/figcaption><\/figure>\n<\/div>\n\n\n<p><\/p>\n\n\n\n<h1 class=\"has-text-align-center has-text-color wp-block-heading\" style=\"color:#121212\">Firemn\u00ed br\u00e1na pro EBICS &nbsp;<\/h1>\n\n\n\n<p class=\"has-text-align-center has-text-color\" style=\"color:#121212;font-size:17px\">Standardizovan\u00e1, spolehliv\u00e1 a bezpe\u010dn\u00e1.<\/p>\n\n\n\n<div class=\"wp-block-buttons ticss-b017bac2 is-horizontal is-content-justification-center is-layout-flex wp-container-core-buttons-is-layout-499968f5 wp-block-buttons-is-layout-flex\">\n<div class=\"wp-block-button is-style-primary ticss-749f9b14\"><a class=\"wp-block-button__link has-nv-site-bg-color has-text-color wp-element-button\" href=\"https:\/\/www.mdpraha.cz\" style=\"border-radius:6px\">V\u00cdCE INFORMAC\u00cd<\/a><\/div>\n<\/div>\n<\/div><\/div>\n\n\n\n<div style=\"height:30px\" aria-hidden=\"true\" class=\"wp-block-spacer\"><\/div>\n\n\n\n<p><\/p>\n\n\n\n<p class=\"ticss-3cedd212\"><strong>EBICS<\/strong>&nbsp;(<strong>E<\/strong>lectronic&nbsp;<strong>B<\/strong>anking&nbsp;<strong>I<\/strong>nternet&nbsp;<strong>C<\/strong>ommunication&nbsp;<strong>S<\/strong>tandard) je internetov\u00fd komunika\u010dn\u00ed standard elektronick\u00e9ho bankovnictv\u00ed pro zabezpe\u010denou komunikaci podnik-banka, banka-banka a banka-CSM (v\u010detn\u011b \u0161ifrov\u00e1n\u00ed, komprese a elektronick\u00e9ho podpisu).<\/p>\n\n\n\n<h3 class=\"wp-block-heading\">Harmonizace elektronick\u00e9ho bankovnictv\u00ed &#8211; vize a realita<\/h3>\n\n\n\n<p class=\"ticss-3cedd212\">EBICS byl p\u016fvodn\u011b navr\u017een\u00fd k modernizaci a nahrazen\u00ed p\u0159edchoz\u00edho standardu pro komunikaci mezi firmou a bankami v N\u011bmecku. Pot\u00e9 jej p\u0159evzala francouzsk\u00e1 bankovn\u00ed komunita a ned\u00e1vno i \u0160v\u00fdcarsko a Rakousko. V d\u016fsledku t\u00e9to standardizace maj\u00ed firmy ji\u017e \u0159adu let p\u0159\u00edstup do v\u0161ech bank v N\u011bmecku a Francii a do mnoha bank dal\u0161\u00edch zem\u00ed, v\u010detn\u011b celoskupinov\u00fdch  EBICS hub\u016f provozovan\u00fdch nadn\u00e1rodn\u00edmi bankovn\u00edmi skupinami.<\/p>\n\n\n\n<h3 class=\"wp-block-heading\">P\u0159ednosti standardu EBICS<\/h3>\n\n\n\n<p class=\"ticss-bcb2cc13\">Existuj\u00ed dobr\u00e9 d\u016fvody, pro\u010d se EBICS uk\u00e1zal b\u00fdt u firem tak obl\u00edben\u00fd: je n\u00e1kladov\u011b efektivn\u00ed a pln\u011b podporuje multibanking. Banky dos\u00e1hly sv\u00e9ho c\u00edle vytvo\u0159it flexibiln\u00ed a na budoucnost orientovan\u00fd a bezpe\u010dn\u00fd r\u00e1mec zalo\u017een\u00fd na otev\u0159en\u00e9, ve\u0159ejn\u00e9 specifikaci.<\/p>\n\n\n\n<p><strong>V\u00fdhody standardu EBICS<\/strong><\/p>\n\n\n\n<ul class=\"wp-block-list\">\n<li>Poskytuje jednotn\u00fd standard pro komunikaci mezi z\u00e1kazn\u00edky a bankami<\/li>\n\n\n\n<li>Poskytuje r\u00e1mec, kter\u00fd lze flexibiln\u011b p\u0159izp\u016fsobit r\u016fzn\u00fdm sc\u00e9n\u00e1\u0159\u016fm<\/li>\n\n\n\n<li>Zaji\u0161\u0165uje nejvy\u0161\u0161\u00ed bezpe\u010dnost na v\u0161ech \u00farovn\u00edch<\/li>\n\n\n\n<li>Umo\u017e\u0148uje p\u0159en\u00e1\u0161en\u00ed a ov\u011b\u0159ov\u00e1n\u00ed v\u0161ech sou\u010dasn\u00fdch a budouc\u00edch nov\u00fdch typ\u016f zpr\u00e1v stejn\u00fdm mechanismem<\/li>\n\n\n\n<li>Poskytuje silnou validaci pomoc\u00ed konceptu v\u00edce\u00farov\u0148ov\u00e9ho podpisu<\/li>\n<\/ul>\n\n\n\n<h3 class=\"wp-block-heading\">EBICS 3.0 \u2013 jeden harmonizovan\u00fd standard?<\/h3>\n\n\n\n<p class=\"ticss-89a517b6\">Jasn\u011b stanoven\u00fdm c\u00edlem specifikace EBICS 3.0 je definovat jedinou harmonizovanou normu, kter\u00e1 spojuje rozd\u00edly a nekompatibility v sou\u010dasn\u00fdch m\u00edstn\u00edch \u201edialektech\u201c. Specifikace vymezuje celkov\u00fd r\u00e1mec, v n\u011bm\u017e je dostate\u010dn\u00fd prostor pro podporu vnitrost\u00e1tn\u00edch, ofici\u00e1ln\u00edch a bilater\u00e1ln\u00edch odchylek. Souvisej\u00edc\u00ed nev\u00fdhodou tohoto p\u0159\u00edstupu \u201ejednoty s rozmanitost\u00ed\u201c je nov\u00e1 \u00farove\u0148 slo\u017eitosti, kterou mus\u00ed pochopit a rozpoznat mnoho aplikac\u00ed podporuj\u00edc\u00edch EBICS.<\/p>\n\n\n\n<p class=\"ticss-9c8ddcf4\">Snad nejv\u00fdznamn\u011bj\u0161\u00ed zm\u011bnou v r\u00e1mci EBICS 3.0 je zp\u016fsob, jak\u00fdm jsou rozpozn\u00e1v\u00e1ny a ov\u011b\u0159ov\u00e1ny typy transakc\u00ed. Dosavadn\u00ed d\u0159\u00edve pou\u017e\u00edvan\u00e9 a vz\u00e1jemn\u011b nekompatibiln\u00ed modely byly nahrazeny nov\u00fdm nad\u0159azen\u00fdm r\u00e1mcem vyu\u017e\u00edvaj\u00edc\u00edm Business Transaction Formats (BTF). Ty poskytuj\u00ed \u00farove\u0148 flexibility pro podporu r\u016fzn\u00fdch form\u00e1t\u016f pomoc\u00ed dal\u0161\u00edch parametr\u016f, kter\u00e9 jsou vy\u017eadov\u00e1ny pro ka\u017ed\u00fd typ transakce. To znamen\u00e1, \u017ee bankovn\u00ed asociace maj\u00ed rozs\u00e1hlou volnost p\u0159i navrhov\u00e1n\u00ed informac\u00ed pot\u0159ebn\u00fdch pro tyto definice. Tato v\u0161estrannost v\u0161ak p\u0159in\u00e1\u0161\u00ed nov\u00e9 \u00farovn\u011b slo\u017eitosti a vytv\u00e1\u0159\u00ed speci\u00e1ln\u00ed v\u00fdzvy pro aplikace pou\u017e\u00edvan\u00e9 v mezin\u00e1rodn\u00edm prost\u0159ed\u00ed v bank\u00e1ch a korporac\u00edch, kter\u00e9 mus\u00ed spolehliv\u011b podporovat varianty BTF v\u0161ech z\u00fa\u010dastn\u011bn\u00fdch stran. D\u016fle\u017eit\u00e9 jsou tak\u00e9 zm\u011bny zam\u011b\u0159en\u00e9 na harmonizaci v\u00fdm\u011bnn\u00fdch autentiza\u010dn\u00edch kl\u00ed\u010d\u016f a osobn\u00edch podpis\u016f pou\u017e\u00edv\u00e1n\u00edm certifik\u00e1t\u016f X.509. <\/p>\n\n\n\n<h3 class=\"wp-block-heading\">Spr\u00e1vn\u00e1 rozhodnut\u00ed s EBICS<\/h3>\n\n\n\n<p class=\"ticss-858e5be2\">S EBICS 3.0 je nyn\u00ed k dispozici standardizovan\u00fd r\u00e1mec s flexibilitou pro p\u0159izp\u016fsoben\u00ed mnoha r\u016fzn\u00fdm po\u017eadavk\u016fm, ale tak\u00e9 nov\u00e9 \u00farovn\u011b slo\u017eitosti. Nav\u00edc bude EBICS 3.0 sv\u00e9 m\u00edsto na trhu zab\u00edrat pouze postupn\u011b, tak\u017ee z\u00e1sadn\u00ed kompatibilita s d\u0159\u00edv\u011bj\u0161\u00ed verz\u00ed EBICS 2.5 z\u016fstane i v n\u00e1sleduj\u00edc\u00edch letech. Pro pln\u00e9 p\u0159eshrani\u010dn\u00ed compliance je nutn\u00e9 zajistit trvalou kompatibilitu mezi r\u016fzn\u00fdmi \u0159e\u0161en\u00edmi na trhu v r\u016fzn\u00fdch zem\u00edch. Z tohoto d\u016fvodu si banky a spole\u010dnosti mus\u00ed b\u00fdt jist\u00e9, \u017ee budou spolupracovat se zku\u0161en\u00fdm a na budoucnost orientovan\u00fdm profesion\u00e1ln\u00edm partnerem. Jako pr\u016fkopn\u00edk a p\u0159edn\u00ed poskytovatel \u0159e\u0161en\u00ed pro \u0159e\u0161en\u00ed EBICS jsme dob\u0159e p\u0159ipraveni \u010delit t\u011bmto v\u00fdzv\u00e1m. Na\u0161e \u0159e\u0161en\u00ed jsou navr\u017eena tak, aby spl\u0148ovala tato o\u010dek\u00e1v\u00e1n\u00ed a byla snadno p\u0159izp\u016fsobiteln\u00e1 pro podporu jak\u00fdchkoli zm\u011bn nebo dopl\u0148k\u016f z\u00e1kladn\u00edch n\u00e1rodn\u00edch specifikac\u00ed. M\u00e1me zku\u0161enost s&nbsp;implementac\u00ed do n\u011bkolika bank a velk\u00fdch spole\u010dnost\u00ed a na\u0161e \u0159e\u0161en\u00ed je vyu\u017e\u00edv\u00e1no bankami a firmami po cel\u00e9 Evrop\u011b.<\/p>\n\n\n\n<p class=\"ticss-d7e97f6b\">Pro podrobn\u011bj\u0161\u00ed informace o standardu a o tom, jak co nejl\u00e9pe vyu\u017e\u00edt p\u0159\u00edle\u017eitosti, kter\u00e9 EBICS nab\u00edz\u00ed, n\u00e1s kontaktujte.<\/p>\n\n\n\n<div style=\"height:40px\" aria-hidden=\"true\" class=\"wp-block-spacer\"><\/div>\n\n\n\n<div class=\"wp-block-cover alignfull\" style=\"min-height:300px;aspect-ratio:unset;\"><span aria-hidden=\"true\" class=\"wp-block-cover__background has-nv-dark-bg-background-color has-background-dim-100 has-background-dim\"><\/span><div class=\"wp-block-cover__inner-container is-layout-flow wp-block-cover-is-layout-flow\">\n<div style=\"height:79px\" aria-hidden=\"true\" class=\"wp-block-spacer\"><\/div>\n\n\n\n<div class=\"wp-block-buttons is-horizontal is-content-justification-center is-layout-flex wp-container-core-buttons-is-layout-499968f5 wp-block-buttons-is-layout-flex\">\n<div class=\"wp-block-button ticss-9e451b93 is-style-primary\"><a class=\"wp-block-button__link has-nv-site-bg-color has-text-color wp-element-button\" href=\"https:\/\/www.mdpraha.cz\/cs\/kontakt\" style=\"border-radius:6px\">KONTAKTUJTE N\u00c1S<\/a><\/div>\n<\/div>\n\n\n\n<div style=\"height:50px\" aria-hidden=\"true\" class=\"wp-block-spacer\"><\/div>\n\n\n\n<p class=\"has-text-align-center ticss-a4102a80 has-nv-text-dark-bg-color has-text-color\">Management Data Praha spol. s r.o.<br>U Uranie 954\/18<br>170 00 Praha 7 &#8211; Hole\u0161ovice<\/p>\n\n\n\n<div style=\"height:10px\" aria-hidden=\"true\" class=\"wp-block-spacer\"><\/div>\n<\/div><\/div>\n","protected":false},"excerpt":{"rendered":"<p>EBICS&nbsp;(Electronic&nbsp;Banking&nbsp;Internet&nbsp;Communication&nbsp;Standard) je internetov\u00fd komunika\u010dn\u00ed standard elektronick\u00e9ho bankovnictv\u00ed pro zabezpe\u010denou komunikaci podnik-banka, banka-banka a banka-CSM (v\u010detn\u011b \u0161ifrov\u00e1n\u00ed, komprese a elektronick\u00e9ho podpisu). Harmonizace elektronick\u00e9ho bankovnictv\u00ed &#8211; vize a realita EBICS byl p\u016fvodn\u011b navr\u017een\u00fd k modernizaci a nahrazen\u00ed p\u0159edchoz\u00edho standardu pro komunikaci mezi firmou a bankami v N\u011bmecku. Pot\u00e9 jej p\u0159evzala francouzsk\u00e1 bankovn\u00ed komunita a ned\u00e1vno i \u0160v\u00fdcarsko&hellip;&nbsp;<a href=\"https:\/\/www.ebics.cz\/\" rel=\"bookmark\">\u010c\u00edst d\u00e1le &raquo;<span class=\"screen-reader-text\">EBICS<\/span><\/a><\/p>\n","protected":false},"author":1,"featured_media":0,"parent":0,"menu_order":0,"comment_status":"closed","ping_status":"closed","template":"","meta":{"neve_meta_sidebar":"full-width","neve_meta_container":"default","neve_meta_enable_content_width":"on","neve_meta_content_width":100,"neve_meta_title_alignment":"","neve_meta_author_avatar":"","neve_post_elements_order":"","neve_meta_disable_header":"","neve_meta_disable_footer":"","neve_meta_disable_title":"on","_themeisle_gutenberg_block_has_review":false,"footnotes":""},"class_list":["post-5","page","type-page","status-publish","hentry"],"_links":{"self":[{"href":"https:\/\/www.ebics.cz\/index.php?rest_route=\/wp\/v2\/pages\/5","targetHints":{"allow":["GET"]}}],"collection":[{"href":"https:\/\/www.ebics.cz\/index.php?rest_route=\/wp\/v2\/pages"}],"about":[{"href":"https:\/\/www.ebics.cz\/index.php?rest_route=\/wp\/v2\/types\/page"}],"author":[{"embeddable":true,"href":"https:\/\/www.ebics.cz\/index.php?rest_route=\/wp\/v2\/users\/1"}],"replies":[{"embeddable":true,"href":"https:\/\/www.ebics.cz\/index.php?rest_route=%2Fwp%2Fv2%2Fcomments&post=5"}],"version-history":[{"count":80,"href":"https:\/\/www.ebics.cz\/index.php?rest_route=\/wp\/v2\/pages\/5\/revisions"}],"predecessor-version":[{"id":506,"href":"https:\/\/www.ebics.cz\/index.php?rest_route=\/wp\/v2\/pages\/5\/revisions\/506"}],"wp:attachment":[{"href":"https:\/\/www.ebics.cz\/index.php?rest_route=%2Fwp%2Fv2%2Fmedia&parent=5"}],"curies":[{"name":"wp","href":"https:\/\/api.w.org\/{rel}","templated":true}]}}